{"id":5118,"date":"2025-03-01T16:18:05","date_gmt":"2025-03-01T15:18:05","guid":{"rendered":"https:\/\/forestcenter.hu\/?page_id=5118"},"modified":"2026-03-09T13:06:40","modified_gmt":"2026-03-09T12:06:40","slug":"teremberles","status":"publish","type":"page","link":"https:\/\/forestcenter.hu\/en\/teremberles\/","title":{"rendered":"Teremb\u00e9rl\u00e9s"},"content":{"rendered":"\t\t<div data-elementor-type=\"wp-page\" data-elementor-id=\"5118\" class=\"elementor elementor-5118\" data-elementor-post-type=\"page\">\n\t\t\t\t<div class=\"elementor-element elementor-element-442b10c e-flex e-con-boxed e-con e-parent\" data-id=\"442b10c\" data-element_type=\"container\" data-e-type=\"container\">\n\t\t\t\t\t<div class=\"e-con-inner\">\n\t\t\t\t<div class=\"elementor-element elementor-element-d20656d elementor-widget elementor-widget-catalogbooking\" data-id=\"d20656d\" data-element_type=\"widget\" data-e-type=\"widget\" data-widget_type=\"catalogbooking.default\">\n\t\t\t\t<div class=\"elementor-widget-container\">\n\t\t\t\t\t\n<script>\n  if (typeof hasAmeliaEntitiesApiCall === 'undefined' && ('' === '' && '' !== '1')) {\n    var hasAmeliaEntitiesApiCall = true;\n  }\n  var ameliaShortcodeData = (typeof ameliaShortcodeData === 'undefined') ? [] : ameliaShortcodeData;\n  ameliaShortcodeData.push(\n    {\n      'hasApiCall': (typeof hasAmeliaEntitiesApiCall !== 'undefined') && hasAmeliaEntitiesApiCall,\n      'trigger': '',\n      'trigger_type': '',\n      'triggered_form': 'cbf',\n      'in_dialog': '',\n      'show': '',\n      'counter': '1000',\n      'package': '',\n      'category': '',\n      'service': '',\n      'employee': '',\n      'location': '',\n      'categories_hidden': ''\n    }\n  );\n  var ameliaShortcodeDataTriggered = (typeof ameliaShortcodeDataTriggered === 'undefined') ? [] : ameliaShortcodeDataTriggered;\n  if (ameliaShortcodeData[ameliaShortcodeData.length - 1].trigger !== '') {\n    if (ameliaShortcodeDataTriggered.filter(a => a.counter === ameliaShortcodeData[ameliaShortcodeData.length - 1].counter).length === 0) {\n      ameliaShortcodeDataTriggered.push(ameliaShortcodeData.pop());\n    } else {\n      ameliaShortcodeData.pop()\n    }\n  }\n  if (typeof hasAmeliaEntitiesApiCall !== 'undefined' && hasAmeliaEntitiesApiCall) {\n    hasAmeliaEntitiesApiCall = false;\n  }\n<\/script>\n\n<div\n  id=\"amelia-v2-booking-1000\"\n  class=\"amelia-v2-booking\"\n>\n    <catalog-form-wrapper><\/catalog-form-wrapper><\/div>\n\t\t\t\t<\/div>\n\t\t\t\t<\/div>\n\t\t\t\t\t<\/div>\n\t\t\t\t<\/div>\n\t\t\t\t<\/div>\n\t\t","protected":false},"excerpt":{"rendered":"","protected":false},"author":1,"featured_media":0,"parent":0,"menu_order":0,"comment_status":"closed","ping_status":"closed","template":"","meta":{"footnotes":""},"class_list":["post-5118","page","type-page","status-publish","hentry"],"yoast_head":"<!-- This site is optimized with the Yoast SEO Premium plugin v27.4 (Yoast SEO v27.4) - https:\/\/yoast.com\/product\/yoast-seo-premium-wordpress\/ -->\n<title>Teremb\u00e9rl\u00e9s - Forest Center Debrecen<\/title>\n<meta name=\"robots\" content=\"index, follow, max-snippet:-1, max-image-preview:large, max-video-preview:-1\" \/>\n<link rel=\"canonical\" href=\"https:\/\/forestcenter.hu\/en\/teremberles\/\" \/>\n<meta property=\"og:locale\" content=\"en_GB\" \/>\n<meta property=\"og:type\" content=\"article\" \/>\n<meta property=\"og:title\" content=\"Teremb\u00e9rl\u00e9s\" \/>\n<meta property=\"og:url\" content=\"https:\/\/forestcenter.hu\/en\/teremberles\/\" \/>\n<meta property=\"og:site_name\" content=\"Forest Center Debrecen\" \/>\n<meta property=\"article:publisher\" content=\"https:\/\/www.facebook.com\/profile.php?id=61565596522416\" \/>\n<meta property=\"article:modified_time\" content=\"2026-03-09T12:06:40+00:00\" \/>\n<meta name=\"twitter:card\" content=\"summary_large_image\" \/>\n<meta name=\"twitter:label1\" content=\"Estimated reading time\" \/>\n\t<meta name=\"twitter:data1\" content=\"1 minute\" \/>\n<script type=\"application\/ld+json\" class=\"yoast-schema-graph\">{\"@context\":\"https:\\\/\\\/schema.org\",\"@graph\":[{\"@type\":\"WebPage\",\"@id\":\"https:\\\/\\\/forestcenter.hu\\\/teremberles\\\/\",\"url\":\"https:\\\/\\\/forestcenter.hu\\\/teremberles\\\/\",\"name\":\"Teremb\u00e9rl\u00e9s - Forest Center Debrecen\",\"isPartOf\":{\"@id\":\"https:\\\/\\\/forestcenter.hu\\\/#website\"},\"datePublished\":\"2025-03-01T15:18:05+00:00\",\"dateModified\":\"2026-03-09T12:06:40+00:00\",\"breadcrumb\":{\"@id\":\"https:\\\/\\\/forestcenter.hu\\\/teremberles\\\/#breadcrumb\"},\"inLanguage\":\"en-GB\",\"potentialAction\":[{\"@type\":\"ReadAction\",\"target\":[\"https:\\\/\\\/forestcenter.hu\\\/teremberles\\\/\"]}]},{\"@type\":\"BreadcrumbList\",\"@id\":\"https:\\\/\\\/forestcenter.hu\\\/teremberles\\\/#breadcrumb\",\"itemListElement\":[{\"@type\":\"ListItem\",\"position\":1,\"name\":\"Home\",\"item\":\"https:\\\/\\\/forestcenter.hu\\\/\"},{\"@type\":\"ListItem\",\"position\":2,\"name\":\"Teremb\u00e9rl\u00e9s\"}]},{\"@type\":\"WebSite\",\"@id\":\"https:\\\/\\\/forestcenter.hu\\\/#website\",\"url\":\"https:\\\/\\\/forestcenter.hu\\\/\",\"name\":\"Forest Center Debrecen\",\"description\":\"[:hu]Az A kateg\u00f3ri\u00e1s Forest Center Debrecen irodah\u00e1z modern megjelen\u00e9s\u00e9vel \u00e9s m\u0171szaki tartalm\u00e1val Debrecen \u00faj \u00fczleti k\u00f6zpontj\u00e1nak meghat\u00e1roz\u00f3 szerepl\u0151je lesz.[:en]A category office building with Leed Gold Certification will have an extravagant image with state of the art technical specification.[:]\",\"publisher\":{\"@id\":\"https:\\\/\\\/forestcenter.hu\\\/#organization\"},\"potentialAction\":[{\"@type\":\"SearchAction\",\"target\":{\"@type\":\"EntryPoint\",\"urlTemplate\":\"https:\\\/\\\/forestcenter.hu\\\/?s={search_term_string}\"},\"query-input\":{\"@type\":\"PropertyValueSpecification\",\"valueRequired\":true,\"valueName\":\"search_term_string\"}}],\"inLanguage\":\"en-GB\"},{\"@type\":\"Organization\",\"@id\":\"https:\\\/\\\/forestcenter.hu\\\/#organization\",\"name\":\"Forest Center Debrecen\",\"alternateName\":\"Forest Center\",\"url\":\"https:\\\/\\\/forestcenter.hu\\\/\",\"logo\":{\"@type\":\"ImageObject\",\"inLanguage\":\"en-GB\",\"@id\":\"https:\\\/\\\/forestcenter.hu\\\/#\\\/schema\\\/logo\\\/image\\\/\",\"url\":\"https:\\\/\\\/forestcenter.hu\\\/wp-content\\\/uploads\\\/2018\\\/03\\\/forest-logo220X132.png\",\"contentUrl\":\"https:\\\/\\\/forestcenter.hu\\\/wp-content\\\/uploads\\\/2018\\\/03\\\/forest-logo220X132.png\",\"width\":220,\"height\":132,\"caption\":\"Forest Center Debrecen\"},\"image\":{\"@id\":\"https:\\\/\\\/forestcenter.hu\\\/#\\\/schema\\\/logo\\\/image\\\/\"},\"sameAs\":[\"https:\\\/\\\/www.facebook.com\\\/profile.php?id=61565596522416\",\"https:\\\/\\\/www.linkedin.com\\\/company\\\/ud-forest-center\\\/\"],\"description\":\"UD Forest Center Kft. 4028 Debrecen, T\u00fcz\u00e9r utca 4.\",\"email\":\"info@udforest.hu\",\"telephone\":\"+36 30 379 7512\",\"legalName\":\"UD Forest Center Kft.\",\"taxID\":\"32194977-2-09\",\"numberOfEmployees\":{\"@type\":\"QuantitativeValue\",\"minValue\":\"11\",\"maxValue\":\"50\"}}]}<\/script>\n<!-- \/ Yoast SEO Premium plugin. -->","yoast_head_json":{"title":"Teremb\u00e9rl\u00e9s - Forest Center Debrecen","robots":{"index":"index","follow":"follow","max-snippet":"max-snippet:-1","max-image-preview":"max-image-preview:large","max-video-preview":"max-video-preview:-1"},"canonical":"https:\/\/forestcenter.hu\/en\/teremberles\/","og_locale":"en_GB","og_type":"article","og_title":"Teremb\u00e9rl\u00e9s","og_url":"https:\/\/forestcenter.hu\/en\/teremberles\/","og_site_name":"Forest Center Debrecen","article_publisher":"https:\/\/www.facebook.com\/profile.php?id=61565596522416","article_modified_time":"2026-03-09T12:06:40+00:00","twitter_card":"summary_large_image","twitter_misc":{"Estimated reading time":"1 minute"},"schema":{"@context":"https:\/\/schema.org","@graph":[{"@type":"WebPage","@id":"https:\/\/forestcenter.hu\/teremberles\/","url":"https:\/\/forestcenter.hu\/teremberles\/","name":"Teremb\u00e9rl\u00e9s - Forest Center Debrecen","isPartOf":{"@id":"https:\/\/forestcenter.hu\/#website"},"datePublished":"2025-03-01T15:18:05+00:00","dateModified":"2026-03-09T12:06:40+00:00","breadcrumb":{"@id":"https:\/\/forestcenter.hu\/teremberles\/#breadcrumb"},"inLanguage":"en-GB","potentialAction":[{"@type":"ReadAction","target":["https:\/\/forestcenter.hu\/teremberles\/"]}]},{"@type":"BreadcrumbList","@id":"https:\/\/forestcenter.hu\/teremberles\/#breadcrumb","itemListElement":[{"@type":"ListItem","position":1,"name":"Home","item":"https:\/\/forestcenter.hu\/"},{"@type":"ListItem","position":2,"name":"Teremb\u00e9rl\u00e9s"}]},{"@type":"WebSite","@id":"https:\/\/forestcenter.hu\/#website","url":"https:\/\/forestcenter.hu\/","name":"Forest Center Debrecen","description":"[:hu]Az A kateg\u00f3ri\u00e1s Forest Center Debrecen irodah\u00e1z modern megjelen\u00e9s\u00e9vel \u00e9s m\u0171szaki tartalm\u00e1val Debrecen \u00faj \u00fczleti k\u00f6zpontj\u00e1nak meghat\u00e1roz\u00f3 szerepl\u0151je lesz.[:en]A category office building with Leed Gold Certification will have an extravagant image with state of the art technical specification.[:]","publisher":{"@id":"https:\/\/forestcenter.hu\/#organization"},"potentialAction":[{"@type":"SearchAction","target":{"@type":"EntryPoint","urlTemplate":"https:\/\/forestcenter.hu\/?s={search_term_string}"},"query-input":{"@type":"PropertyValueSpecification","valueRequired":true,"valueName":"search_term_string"}}],"inLanguage":"en-GB"},{"@type":"Organization","@id":"https:\/\/forestcenter.hu\/#organization","name":"Forest Center Debrecen","alternateName":"Forest Center","url":"https:\/\/forestcenter.hu\/","logo":{"@type":"ImageObject","inLanguage":"en-GB","@id":"https:\/\/forestcenter.hu\/#\/schema\/logo\/image\/","url":"https:\/\/forestcenter.hu\/wp-content\/uploads\/2018\/03\/forest-logo220X132.png","contentUrl":"https:\/\/forestcenter.hu\/wp-content\/uploads\/2018\/03\/forest-logo220X132.png","width":220,"height":132,"caption":"Forest Center Debrecen"},"image":{"@id":"https:\/\/forestcenter.hu\/#\/schema\/logo\/image\/"},"sameAs":["https:\/\/www.facebook.com\/profile.php?id=61565596522416","https:\/\/www.linkedin.com\/company\/ud-forest-center\/"],"description":"UD Forest Center Kft. 4028 Debrecen, T\u00fcz\u00e9r utca 4.","email":"info@udforest.hu","telephone":"+36 30 379 7512","legalName":"UD Forest Center Kft.","taxID":"32194977-2-09","numberOfEmployees":{"@type":"QuantitativeValue","minValue":"11","maxValue":"50"}}]}},"_links":{"self":[{"href":"https:\/\/forestcenter.hu\/en\/wp-json\/wp\/v2\/pages\/5118","targetHints":{"allow":["GET"]}}],"collection":[{"href":"https:\/\/forestcenter.hu\/en\/wp-json\/wp\/v2\/pages"}],"about":[{"href":"https:\/\/forestcenter.hu\/en\/wp-json\/wp\/v2\/types\/page"}],"author":[{"embeddable":true,"href":"https:\/\/forestcenter.hu\/en\/wp-json\/wp\/v2\/users\/1"}],"replies":[{"embeddable":true,"href":"https:\/\/forestcenter.hu\/en\/wp-json\/wp\/v2\/comments?post=5118"}],"version-history":[{"count":24,"href":"https:\/\/forestcenter.hu\/en\/wp-json\/wp\/v2\/pages\/5118\/revisions"}],"predecessor-version":[{"id":5369,"href":"https:\/\/forestcenter.hu\/en\/wp-json\/wp\/v2\/pages\/5118\/revisions\/5369"}],"wp:attachment":[{"href":"https:\/\/forestcenter.hu\/en\/wp-json\/wp\/v2\/media?parent=5118"}],"curies":[{"name":"wp","href":"https:\/\/api.w.org\/{rel}","templated":true}]}}