{"id":4905,"date":"2023-01-07T10:59:21","date_gmt":"2023-01-07T10:59:21","guid":{"rendered":"https:\/\/forestoffices.hu\/?page_id=4905"},"modified":"2025-02-07T15:56:33","modified_gmt":"2025-02-07T14:56:33","slug":"impresszum","status":"publish","type":"page","link":"https:\/\/forestcenter.hu\/en\/impresszum\/","title":{"rendered":"IMPRESSZUM"},"content":{"rendered":"<p style=\"text-align: justify; text-justify: inter-ideograph; background: white; margin: 12.0pt 0cm 12.0pt 0cm;\"><b><span style=\"color: #333333;\">A honlap fenntart\u00f3ja: <\/span><\/b><span style=\"color: #333333;\">UD Forest Center Kft.<\/span><\/p>\n<p style=\"text-align: justify; text-justify: inter-ideograph; background: white; margin: 12.0pt 0cm 12.0pt 0cm;\"><b><span style=\"color: #333333;\">Sz\u00e9khelye: <\/span><\/b><span style=\"color: #333333;\">4028 Debrecen, T\u00fcz\u00e9r utca 4.<\/span><\/p>\n<p style=\"text-align: justify; text-justify: inter-ideograph; background: white; margin: 12.0pt 0cm 12.0pt 0cm;\"><b><span style=\"color: #333333;\">Ad\u00f3sz\u00e1m: <\/span><\/b><span style=\"color: black;\">32194977-2-09<\/span><\/p>\n<p style=\"text-align: justify; text-justify: inter-ideograph; background: white; margin: 12.0pt 0cm 12.0pt 0cm;\"><b><span style=\"color: #333333;\">C\u00e9gjegyz\u00e9ksz\u00e1m:<\/span><\/b> <span style=\"color: black;\">09-09-034824<\/span><\/p>\n<p style=\"text-align: justify; text-justify: inter-ideograph; background: white; margin: 12.0pt 0cm 12.0pt 0cm;\"><b><span style=\"color: #333333;\">Telefon: <\/span><\/b><span style=\"color: #333333;\">+36 30 379 7512\u00a0<\/span><\/p>\n<p style=\"text-align: justify; text-justify: inter-ideograph; background: white; margin: 12.0pt 0cm 12.0pt 0cm;\"><b><span style=\"color: black;\">E-mail: <a href=\"mailto:info@udforest.hu\">info@udforest.hu<\/a><\/span><\/b><\/p>","protected":false},"excerpt":{"rendered":"<p>&#8230;<\/p>","protected":false},"author":1,"featured_media":0,"parent":0,"menu_order":0,"comment_status":"closed","ping_status":"closed","template":"","meta":{"footnotes":""},"class_list":["post-4905","page","type-page","status-publish","hentry"],"yoast_head":"<!-- This site is optimized with the Yoast SEO Premium plugin v27.4 (Yoast SEO v27.4) - https:\/\/yoast.com\/product\/yoast-seo-premium-wordpress\/ -->\n<title>IMPRESSZUM - Forest Center Debrecen<\/title>\n<meta name=\"robots\" content=\"index, follow, max-snippet:-1, max-image-preview:large, max-video-preview:-1\" \/>\n<link rel=\"canonical\" href=\"https:\/\/forestcenter.hu\/en\/impresszum\/\" \/>\n<meta property=\"og:locale\" content=\"en_GB\" \/>\n<meta property=\"og:type\" content=\"article\" \/>\n<meta property=\"og:title\" content=\"IMPRESSZUM\" \/>\n<meta property=\"og:description\" content=\"...\" \/>\n<meta property=\"og:url\" content=\"https:\/\/forestcenter.hu\/en\/impresszum\/\" \/>\n<meta property=\"og:site_name\" content=\"Forest Center Debrecen\" \/>\n<meta property=\"article:publisher\" content=\"https:\/\/www.facebook.com\/profile.php?id=61565596522416\" \/>\n<meta property=\"article:modified_time\" content=\"2025-02-07T14:56:33+00:00\" \/>\n<meta name=\"twitter:card\" content=\"summary_large_image\" \/>\n<script type=\"application\/ld+json\" class=\"yoast-schema-graph\">{\"@context\":\"https:\\\/\\\/schema.org\",\"@graph\":[{\"@type\":\"WebPage\",\"@id\":\"https:\\\/\\\/forestcenter.hu\\\/impresszum\\\/\",\"url\":\"https:\\\/\\\/forestcenter.hu\\\/impresszum\\\/\",\"name\":\"IMPRESSZUM - Forest Center Debrecen\",\"isPartOf\":{\"@id\":\"https:\\\/\\\/forestcenter.hu\\\/#website\"},\"datePublished\":\"2023-01-07T10:59:21+00:00\",\"dateModified\":\"2025-02-07T14:56:33+00:00\",\"breadcrumb\":{\"@id\":\"https:\\\/\\\/forestcenter.hu\\\/impresszum\\\/#breadcrumb\"},\"inLanguage\":\"en-GB\",\"potentialAction\":[{\"@type\":\"ReadAction\",\"target\":[\"https:\\\/\\\/forestcenter.hu\\\/impresszum\\\/\"]}]},{\"@type\":\"BreadcrumbList\",\"@id\":\"https:\\\/\\\/forestcenter.hu\\\/impresszum\\\/#breadcrumb\",\"itemListElement\":[{\"@type\":\"ListItem\",\"position\":1,\"name\":\"Home\",\"item\":\"https:\\\/\\\/forestcenter.hu\\\/\"},{\"@type\":\"ListItem\",\"position\":2,\"name\":\"IMPRESSZUM\"}]},{\"@type\":\"WebSite\",\"@id\":\"https:\\\/\\\/forestcenter.hu\\\/#website\",\"url\":\"https:\\\/\\\/forestcenter.hu\\\/\",\"name\":\"Forest Center Debrecen\",\"description\":\"[:hu]Az A kateg\u00f3ri\u00e1s Forest Center Debrecen irodah\u00e1z modern megjelen\u00e9s\u00e9vel \u00e9s m\u0171szaki tartalm\u00e1val Debrecen \u00faj \u00fczleti k\u00f6zpontj\u00e1nak meghat\u00e1roz\u00f3 szerepl\u0151je lesz.[:en]A category office building with Leed Gold Certification will have an extravagant image with state of the art technical specification.[:]\",\"publisher\":{\"@id\":\"https:\\\/\\\/forestcenter.hu\\\/#organization\"},\"potentialAction\":[{\"@type\":\"SearchAction\",\"target\":{\"@type\":\"EntryPoint\",\"urlTemplate\":\"https:\\\/\\\/forestcenter.hu\\\/?s={search_term_string}\"},\"query-input\":{\"@type\":\"PropertyValueSpecification\",\"valueRequired\":true,\"valueName\":\"search_term_string\"}}],\"inLanguage\":\"en-GB\"},{\"@type\":\"Organization\",\"@id\":\"https:\\\/\\\/forestcenter.hu\\\/#organization\",\"name\":\"Forest Center Debrecen\",\"alternateName\":\"Forest Center\",\"url\":\"https:\\\/\\\/forestcenter.hu\\\/\",\"logo\":{\"@type\":\"ImageObject\",\"inLanguage\":\"en-GB\",\"@id\":\"https:\\\/\\\/forestcenter.hu\\\/#\\\/schema\\\/logo\\\/image\\\/\",\"url\":\"https:\\\/\\\/forestcenter.hu\\\/wp-content\\\/uploads\\\/2018\\\/03\\\/forest-logo220X132.png\",\"contentUrl\":\"https:\\\/\\\/forestcenter.hu\\\/wp-content\\\/uploads\\\/2018\\\/03\\\/forest-logo220X132.png\",\"width\":220,\"height\":132,\"caption\":\"Forest Center Debrecen\"},\"image\":{\"@id\":\"https:\\\/\\\/forestcenter.hu\\\/#\\\/schema\\\/logo\\\/image\\\/\"},\"sameAs\":[\"https:\\\/\\\/www.facebook.com\\\/profile.php?id=61565596522416\",\"https:\\\/\\\/www.linkedin.com\\\/company\\\/ud-forest-center\\\/\"],\"description\":\"UD Forest Center Kft. 4028 Debrecen, T\u00fcz\u00e9r utca 4.\",\"email\":\"info@udforest.hu\",\"telephone\":\"+36 30 379 7512\",\"legalName\":\"UD Forest Center Kft.\",\"taxID\":\"32194977-2-09\",\"numberOfEmployees\":{\"@type\":\"QuantitativeValue\",\"minValue\":\"11\",\"maxValue\":\"50\"}}]}<\/script>\n<!-- \/ Yoast SEO Premium plugin. -->","yoast_head_json":{"title":"IMPRESSZUM - Forest Center Debrecen","robots":{"index":"index","follow":"follow","max-snippet":"max-snippet:-1","max-image-preview":"max-image-preview:large","max-video-preview":"max-video-preview:-1"},"canonical":"https:\/\/forestcenter.hu\/en\/impresszum\/","og_locale":"en_GB","og_type":"article","og_title":"IMPRESSZUM","og_description":"...","og_url":"https:\/\/forestcenter.hu\/en\/impresszum\/","og_site_name":"Forest Center Debrecen","article_publisher":"https:\/\/www.facebook.com\/profile.php?id=61565596522416","article_modified_time":"2025-02-07T14:56:33+00:00","twitter_card":"summary_large_image","schema":{"@context":"https:\/\/schema.org","@graph":[{"@type":"WebPage","@id":"https:\/\/forestcenter.hu\/impresszum\/","url":"https:\/\/forestcenter.hu\/impresszum\/","name":"IMPRESSZUM - Forest Center Debrecen","isPartOf":{"@id":"https:\/\/forestcenter.hu\/#website"},"datePublished":"2023-01-07T10:59:21+00:00","dateModified":"2025-02-07T14:56:33+00:00","breadcrumb":{"@id":"https:\/\/forestcenter.hu\/impresszum\/#breadcrumb"},"inLanguage":"en-GB","potentialAction":[{"@type":"ReadAction","target":["https:\/\/forestcenter.hu\/impresszum\/"]}]},{"@type":"BreadcrumbList","@id":"https:\/\/forestcenter.hu\/impresszum\/#breadcrumb","itemListElement":[{"@type":"ListItem","position":1,"name":"Home","item":"https:\/\/forestcenter.hu\/"},{"@type":"ListItem","position":2,"name":"IMPRESSZUM"}]},{"@type":"WebSite","@id":"https:\/\/forestcenter.hu\/#website","url":"https:\/\/forestcenter.hu\/","name":"Forest Center Debrecen","description":"[:hu]Az A kateg\u00f3ri\u00e1s Forest Center Debrecen irodah\u00e1z modern megjelen\u00e9s\u00e9vel \u00e9s m\u0171szaki tartalm\u00e1val Debrecen \u00faj \u00fczleti k\u00f6zpontj\u00e1nak meghat\u00e1roz\u00f3 szerepl\u0151je lesz.[:en]A category office building with Leed Gold Certification will have an extravagant image with state of the art technical specification.[:]","publisher":{"@id":"https:\/\/forestcenter.hu\/#organization"},"potentialAction":[{"@type":"SearchAction","target":{"@type":"EntryPoint","urlTemplate":"https:\/\/forestcenter.hu\/?s={search_term_string}"},"query-input":{"@type":"PropertyValueSpecification","valueRequired":true,"valueName":"search_term_string"}}],"inLanguage":"en-GB"},{"@type":"Organization","@id":"https:\/\/forestcenter.hu\/#organization","name":"Forest Center Debrecen","alternateName":"Forest Center","url":"https:\/\/forestcenter.hu\/","logo":{"@type":"ImageObject","inLanguage":"en-GB","@id":"https:\/\/forestcenter.hu\/#\/schema\/logo\/image\/","url":"https:\/\/forestcenter.hu\/wp-content\/uploads\/2018\/03\/forest-logo220X132.png","contentUrl":"https:\/\/forestcenter.hu\/wp-content\/uploads\/2018\/03\/forest-logo220X132.png","width":220,"height":132,"caption":"Forest Center Debrecen"},"image":{"@id":"https:\/\/forestcenter.hu\/#\/schema\/logo\/image\/"},"sameAs":["https:\/\/www.facebook.com\/profile.php?id=61565596522416","https:\/\/www.linkedin.com\/company\/ud-forest-center\/"],"description":"UD Forest Center Kft. 4028 Debrecen, T\u00fcz\u00e9r utca 4.","email":"info@udforest.hu","telephone":"+36 30 379 7512","legalName":"UD Forest Center Kft.","taxID":"32194977-2-09","numberOfEmployees":{"@type":"QuantitativeValue","minValue":"11","maxValue":"50"}}]}},"_links":{"self":[{"href":"https:\/\/forestcenter.hu\/en\/wp-json\/wp\/v2\/pages\/4905","targetHints":{"allow":["GET"]}}],"collection":[{"href":"https:\/\/forestcenter.hu\/en\/wp-json\/wp\/v2\/pages"}],"about":[{"href":"https:\/\/forestcenter.hu\/en\/wp-json\/wp\/v2\/types\/page"}],"author":[{"embeddable":true,"href":"https:\/\/forestcenter.hu\/en\/wp-json\/wp\/v2\/users\/1"}],"replies":[{"embeddable":true,"href":"https:\/\/forestcenter.hu\/en\/wp-json\/wp\/v2\/comments?post=4905"}],"version-history":[{"count":1,"href":"https:\/\/forestcenter.hu\/en\/wp-json\/wp\/v2\/pages\/4905\/revisions"}],"predecessor-version":[{"id":5029,"href":"https:\/\/forestcenter.hu\/en\/wp-json\/wp\/v2\/pages\/4905\/revisions\/5029"}],"wp:attachment":[{"href":"https:\/\/forestcenter.hu\/en\/wp-json\/wp\/v2\/media?parent=4905"}],"curies":[{"name":"wp","href":"https:\/\/api.w.org\/{rel}","templated":true}]}}