{"id":3531,"date":"2018-03-20T17:48:36","date_gmt":"2018-03-20T17:48:36","guid":{"rendered":"http:\/\/forestoffices.hu\/?page_id=3531"},"modified":"2018-03-20T17:55:32","modified_gmt":"2018-03-20T17:55:32","slug":"hirek","status":"publish","type":"page","link":"https:\/\/forestcenter.hu\/en\/hirek\/","title":{"rendered":"News"},"content":{"rendered":"<div class=\"wpb-content-wrapper\"><div class=\"vc_row wpb_row vc_row-fluid\"><div class=\"wpb_column vc_column_container vc_col-sm-12\"><div class=\"vc_column-inner\"><div class=\"wpb_wrapper\"><div id=\"mgt-post-list-18672\" class=\"mgt-post-list wpb_content_element animated\"><div class=\"mgt-post normal-blocks\"><a href=\"https:\/\/forestcenter.hu\/en\/bemutattak-a-vosz-uj-beszallitofejlesztesi-programjat-a-debreceni-forumon\/\"><div class=\"mgt-post-image\" data-style=\"background-image: url(https:\/\/forestcenter.hu\/wp-content\/uploads\/2026\/03\/vosz_forest_1-370x230.jpg);\"><div class=\"mgt-post-image-wrapper\"><div class=\"mgt-post-categories\">Events, Media appearances<\/div><div class=\"mgt-post-wrapper-icon\"><i class=\"fa fa-plus\"><\/i><\/div>\r\n<\/div><\/div><\/a><div class=\"mgt-post-details\"><div class=\"mgt-post-icon format-standard\"><\/div><div class=\"mgt-post-title\"><a href=\"https:\/\/forestcenter.hu\/en\/bemutattak-a-vosz-uj-beszallitofejlesztesi-programjat-a-debreceni-forumon\/\"><h5>VOSZ\u2019s new supplier development program was presented at the Debrecen forum.<\/h5><\/a><\/div><div class=\"mgt-post-date\"><i class=\"fa fa-file-text-o\"><\/i>\r\n2026-03-19 <span class=\"post-comments-count\"><i class=\"fa fa-comment\"><\/i>0<\/span><\/div><div class=\"mgt-post-text\"><\/div><a href=\"https:\/\/forestcenter.hu\/en\/bemutattak-a-vosz-uj-beszallitofejlesztesi-programjat-a-debreceni-forumon\/\" class=\"btn mgt-button hvr-default mgt-style-solid-invert mgt-size-small mgt-align-left mgt-display-inline mgt-text-size-normal mgt-text-transform-uppercase\">Read more<\/a><\/div><\/div><div class=\"mgt-post normal-blocks\"><a href=\"https:\/\/forestcenter.hu\/en\/kek-vodrokbol-lett-segitseg-kozossegi-osszefogas-a-forest-center-irodahazban\/\"><div class=\"mgt-post-image\" data-style=\"background-image: url(https:\/\/forestcenter.hu\/wp-content\/uploads\/2025\/12\/20251219_104056-370x230.jpg);\"><div class=\"mgt-post-image-wrapper\"><div class=\"mgt-post-categories\">Events, Media appearances<\/div><div class=\"mgt-post-wrapper-icon\"><i class=\"fa fa-plus\"><\/i><\/div>\r\n<\/div><\/div><\/a><div class=\"mgt-post-details\"><div class=\"mgt-post-icon format-standard\"><\/div><div class=\"mgt-post-title\"><a href=\"https:\/\/forestcenter.hu\/en\/kek-vodrokbol-lett-segitseg-kozossegi-osszefogas-a-forest-center-irodahazban\/\"><h5>Blue buckets turned into help \u2013 community collaboration at the Forest Center Office Building<\/h5><\/a><\/div><div class=\"mgt-post-date\"><i class=\"fa fa-file-text-o\"><\/i>\r\n2025-12-21 <span class=\"post-comments-count\"><i class=\"fa fa-comment\"><\/i>0<\/span><\/div><div class=\"mgt-post-text\"><\/div><a href=\"https:\/\/forestcenter.hu\/en\/kek-vodrokbol-lett-segitseg-kozossegi-osszefogas-a-forest-center-irodahazban\/\" class=\"btn mgt-button hvr-default mgt-style-solid-invert mgt-size-small mgt-align-left mgt-display-inline mgt-text-size-normal mgt-text-transform-uppercase\">Read more<\/a><\/div><\/div><div class=\"mgt-post normal-blocks\"><a href=\"https:\/\/forestcenter.hu\/en\/csucskategorias-irodahazban-nyitott-uj-irodat-a-pwc\/\"><div class=\"mgt-post-image\" data-style=\"background-image: url(https:\/\/forestcenter.hu\/wp-content\/uploads\/2025\/12\/dsc_1552-370x230.jpg);\"><div class=\"mgt-post-image-wrapper\"><div class=\"mgt-post-categories\">Events, Media appearances<\/div><div class=\"mgt-post-wrapper-icon\"><i class=\"fa fa-plus\"><\/i><\/div>\r\n<\/div><\/div><\/a><div class=\"mgt-post-details\"><div class=\"mgt-post-icon format-standard\"><\/div><div class=\"mgt-post-title\"><a href=\"https:\/\/forestcenter.hu\/en\/csucskategorias-irodahazban-nyitott-uj-irodat-a-pwc\/\"><h5>PwC opens new office in high-end office building<\/h5><\/a><\/div><div class=\"mgt-post-date\"><i class=\"fa fa-file-text-o\"><\/i>\r\n2025-12-14 <span class=\"post-comments-count\"><i class=\"fa fa-comment\"><\/i>0<\/span><\/div><div class=\"mgt-post-text\"><\/div><a href=\"https:\/\/forestcenter.hu\/en\/csucskategorias-irodahazban-nyitott-uj-irodat-a-pwc\/\" class=\"btn mgt-button hvr-default mgt-style-solid-invert mgt-size-small mgt-align-left mgt-display-inline mgt-text-size-normal mgt-text-transform-uppercase\">Read more<\/a><\/div><\/div><div class=\"mgt-post normal-blocks\"><a href=\"https:\/\/forestcenter.hu\/en\/z-tol-alfaig-keszsegek-oktatas-munkaeropiac-a-jovo-gazdasagaban\/\"><div class=\"mgt-post-image\" data-style=\"background-image: url(https:\/\/forestcenter.hu\/wp-content\/uploads\/2025\/11\/574333934_1492365372560584_5437952974552894602_n-370x230.jpg);\"><div class=\"mgt-post-image-wrapper\"><div class=\"mgt-post-categories\">Events, Media appearances<\/div><div class=\"mgt-post-wrapper-icon\"><i class=\"fa fa-plus\"><\/i><\/div>\r\n<\/div><\/div><\/a><div class=\"mgt-post-details\"><div class=\"mgt-post-icon format-standard\"><\/div><div class=\"mgt-post-title\"><a href=\"https:\/\/forestcenter.hu\/en\/z-tol-alfaig-keszsegek-oktatas-munkaeropiac-a-jovo-gazdasagaban\/\"><h5>From Z to Alpha - Skills, Education, Labor Market in the Economy of the Future<\/h5><\/a><\/div><div class=\"mgt-post-date\"><i class=\"fa fa-file-text-o\"><\/i>\r\n2025-11-03 <span class=\"post-comments-count\"><i class=\"fa fa-comment\"><\/i>0<\/span><\/div><div class=\"mgt-post-text\"><\/div><a href=\"https:\/\/forestcenter.hu\/en\/z-tol-alfaig-keszsegek-oktatas-munkaeropiac-a-jovo-gazdasagaban\/\" class=\"btn mgt-button hvr-default mgt-style-solid-invert mgt-size-small mgt-align-left mgt-display-inline mgt-text-size-normal mgt-text-transform-uppercase\">Read more<\/a><\/div><\/div><div class=\"mgt-post normal-blocks\"><a href=\"https:\/\/forestcenter.hu\/en\/irodahaz-bejaras\/\"><div class=\"mgt-post-image\" data-style=\"background-image: url(https:\/\/forestcenter.hu\/wp-content\/uploads\/2025\/10\/566369926_1127199049608098_6360003763269711156_n-370x230.jpg);\"><div class=\"mgt-post-image-wrapper\"><div class=\"mgt-post-categories\">Events, Media appearances<\/div><div class=\"mgt-post-wrapper-icon\"><i class=\"fa fa-plus\"><\/i><\/div>\r\n<\/div><\/div><\/a><div class=\"mgt-post-details\"><div class=\"mgt-post-icon format-standard\"><\/div><div class=\"mgt-post-title\"><a href=\"https:\/\/forestcenter.hu\/en\/irodahaz-bejaras\/\"><h5>Office building tour<\/h5><\/a><\/div><div class=\"mgt-post-date\"><i class=\"fa fa-file-text-o\"><\/i>\r\n2025-10-23 <span class=\"post-comments-count\"><i class=\"fa fa-comment\"><\/i>0<\/span><\/div><div class=\"mgt-post-text\"><\/div><a href=\"https:\/\/forestcenter.hu\/en\/irodahaz-bejaras\/\" class=\"btn mgt-button hvr-default mgt-style-solid-invert mgt-size-small mgt-align-left mgt-display-inline mgt-text-size-normal mgt-text-transform-uppercase\">Read more<\/a><\/div><\/div><div class=\"mgt-post normal-blocks\"><a href=\"https:\/\/forestcenter.hu\/en\/bringazz-a-forestbe\/\"><div class=\"mgt-post-image\" data-style=\"background-image: url(https:\/\/forestcenter.hu\/wp-content\/uploads\/2025\/09\/1000009334-370x230.jpg);\"><div class=\"mgt-post-image-wrapper\"><div class=\"mgt-post-categories\">Events, Media appearances<\/div><div class=\"mgt-post-wrapper-icon\"><i class=\"fa fa-plus\"><\/i><\/div>\r\n<\/div><\/div><\/a><div class=\"mgt-post-details\"><div class=\"mgt-post-icon format-standard\"><\/div><div class=\"mgt-post-title\"><a href=\"https:\/\/forestcenter.hu\/en\/bringazz-a-forestbe\/\"><h5>Ride your bike to the Forest!<\/h5><\/a><\/div><div class=\"mgt-post-date\"><i class=\"fa fa-file-text-o\"><\/i>\r\n2025-09-24 <span class=\"post-comments-count\"><i class=\"fa fa-comment\"><\/i>0<\/span><\/div><div class=\"mgt-post-text\"><\/div><a href=\"https:\/\/forestcenter.hu\/en\/bringazz-a-forestbe\/\" class=\"btn mgt-button hvr-default mgt-style-solid-invert mgt-size-small mgt-align-left mgt-display-inline mgt-text-size-normal mgt-text-transform-uppercase\">Read more<\/a><\/div><\/div><div class=\"mgt-post normal-blocks\"><a href=\"https:\/\/forestcenter.hu\/en\/hajdu-bihar-varmegyei-kozgyules-es-vallalkozoi-forum\/\"><div class=\"mgt-post-image\" data-style=\"background-image: url(https:\/\/forestcenter.hu\/wp-content\/uploads\/2025\/03\/prima-balogh-karoly-hajdubihar-370x230.png);\"><div class=\"mgt-post-image-wrapper\"><div class=\"mgt-post-categories\">Media appearances<\/div><div class=\"mgt-post-wrapper-icon\"><i class=\"fa fa-plus\"><\/i><\/div>\r\n<\/div><\/div><\/a><div class=\"mgt-post-details\"><div class=\"mgt-post-icon format-standard\"><\/div><div class=\"mgt-post-title\"><a href=\"https:\/\/forestcenter.hu\/en\/hajdu-bihar-varmegyei-kozgyules-es-vallalkozoi-forum\/\"><h5>Hajd\u00fa-Bihar County Assembly and Business Forum<\/h5><\/a><\/div><div class=\"mgt-post-date\"><i class=\"fa fa-file-text-o\"><\/i>\r\n2025-03-17 <span class=\"post-comments-count\"><i class=\"fa fa-comment\"><\/i>0<\/span><\/div><div class=\"mgt-post-text\"><\/div><a href=\"https:\/\/forestcenter.hu\/en\/hajdu-bihar-varmegyei-kozgyules-es-vallalkozoi-forum\/\" class=\"btn mgt-button hvr-default mgt-style-solid-invert mgt-size-small mgt-align-left mgt-display-inline mgt-text-size-normal mgt-text-transform-uppercase\">Read more<\/a><\/div><\/div><div class=\"mgt-post normal-blocks\"><a href=\"https:\/\/forestcenter.hu\/en\/orszagosan-egyedulallo-zenei-menedzser-kepzes-a-debreceni-egyetemen\/\"><div class=\"mgt-post-image\" data-style=\"background-image: url(https:\/\/forestcenter.hu\/wp-content\/uploads\/2025\/02\/Orszagosan-egyedulallo-\u2013-zenei-menedzser-kepzes-a-Debreceni-Egyetemen-370x230.png);\"><div class=\"mgt-post-image-wrapper\"><div class=\"mgt-post-categories\">Media appearances<\/div><div class=\"mgt-post-wrapper-icon\"><i class=\"fa fa-plus\"><\/i><\/div>\r\n<\/div><\/div><\/a><div class=\"mgt-post-details\"><div class=\"mgt-post-icon format-standard\"><\/div><div class=\"mgt-post-title\"><a href=\"https:\/\/forestcenter.hu\/en\/orszagosan-egyedulallo-zenei-menedzser-kepzes-a-debreceni-egyetemen\/\"><h5>Nationally unique \u2013 music management training at the University of Debrecen<\/h5><\/a><\/div><div class=\"mgt-post-date\"><i class=\"fa fa-file-text-o\"><\/i>\r\n2025-02-07 <span class=\"post-comments-count\"><i class=\"fa fa-comment\"><\/i>0<\/span><\/div><div class=\"mgt-post-text\"><\/div><a href=\"https:\/\/forestcenter.hu\/en\/orszagosan-egyedulallo-zenei-menedzser-kepzes-a-debreceni-egyetemen\/\" class=\"btn mgt-button hvr-default mgt-style-solid-invert mgt-size-small mgt-align-left mgt-display-inline mgt-text-size-normal mgt-text-transform-uppercase\">Read more<\/a><\/div><\/div><div class=\"mgt-post normal-blocks\"><a href=\"https:\/\/forestcenter.hu\/en\/a-jovo-gazdasaganak-es-oktatasanak-fejlodeseert\/\"><div class=\"mgt-post-image\" data-style=\"background-image: url(https:\/\/forestcenter.hu\/wp-content\/uploads\/2025\/01\/A-jovo-gazdasaganak-es-oktatasanak-fejlodeseert-370x230.jpeg);\"><div class=\"mgt-post-image-wrapper\"><div class=\"mgt-post-categories\">Media appearances<\/div><div class=\"mgt-post-wrapper-icon\"><i class=\"fa fa-plus\"><\/i><\/div>\r\n<\/div><\/div><\/a><div class=\"mgt-post-details\"><div class=\"mgt-post-icon format-standard\"><\/div><div class=\"mgt-post-title\"><a href=\"https:\/\/forestcenter.hu\/en\/a-jovo-gazdasaganak-es-oktatasanak-fejlodeseert\/\"><h5>For the development of the economy and education of the future<\/h5><\/a><\/div><div class=\"mgt-post-date\"><i class=\"fa fa-file-text-o\"><\/i>\r\n2025-01-08 <span class=\"post-comments-count\"><i class=\"fa fa-comment\"><\/i>0<\/span><\/div><div class=\"mgt-post-text\"><\/div><a href=\"https:\/\/forestcenter.hu\/en\/a-jovo-gazdasaganak-es-oktatasanak-fejlodeseert\/\" class=\"btn mgt-button hvr-default mgt-style-solid-invert mgt-size-small mgt-align-left mgt-display-inline mgt-text-size-normal mgt-text-transform-uppercase\">Read more<\/a><\/div><\/div><div class=\"clearfix\"><\/div><\/div><\/div><\/div><\/div><\/div>\n<\/div>","protected":false},"excerpt":{"rendered":"...","protected":false},"author":1,"featured_media":0,"parent":0,"menu_order":0,"comment_status":"closed","ping_status":"closed","template":"","meta":{"footnotes":""},"class_list":["post-3531","page","type-page","status-publish","hentry"],"yoast_head":"<!-- This site is optimized with the Yoast SEO Premium plugin v27.1 (Yoast SEO v27.1.1) - https:\/\/yoast.com\/product\/yoast-seo-premium-wordpress\/ -->\n<title>H\u00edrek - Forest Center Debrecen<\/title>\n<meta name=\"robots\" content=\"index, follow, max-snippet:-1, max-image-preview:large, max-video-preview:-1\" \/>\n<link rel=\"canonical\" href=\"https:\/\/forestcenter.hu\/en\/hirek\/\" \/>\n<meta property=\"og:locale\" content=\"en_GB\" \/>\n<meta property=\"og:type\" content=\"article\" \/>\n<meta property=\"og:title\" content=\"H\u00edrek\" \/>\n<meta property=\"og:url\" content=\"https:\/\/forestcenter.hu\/en\/hirek\/\" \/>\n<meta property=\"og:site_name\" content=\"Forest Center Debrecen\" \/>\n<meta property=\"article:publisher\" content=\"https:\/\/www.facebook.com\/profile.php?id=61565596522416\" \/>\n<meta property=\"article:modified_time\" content=\"2018-03-20T17:55:32+00:00\" \/>\n<meta name=\"twitter:card\" content=\"summary_large_image\" \/>\n<script type=\"application\/ld+json\" class=\"yoast-schema-graph\">{\"@context\":\"https:\/\/schema.org\",\"@graph\":[{\"@type\":\"WebPage\",\"@id\":\"https:\/\/forestcenter.hu\/hirek\/\",\"url\":\"https:\/\/forestcenter.hu\/hirek\/\",\"name\":\"H\u00edrek - Forest Center Debrecen\",\"isPartOf\":{\"@id\":\"https:\/\/forestcenter.hu\/#website\"},\"datePublished\":\"2018-03-20T17:48:36+00:00\",\"dateModified\":\"2018-03-20T17:55:32+00:00\",\"breadcrumb\":{\"@id\":\"https:\/\/forestcenter.hu\/hirek\/#breadcrumb\"},\"inLanguage\":\"en-GB\",\"potentialAction\":[{\"@type\":\"ReadAction\",\"target\":[\"https:\/\/forestcenter.hu\/hirek\/\"]}]},{\"@type\":\"BreadcrumbList\",\"@id\":\"https:\/\/forestcenter.hu\/hirek\/#breadcrumb\",\"itemListElement\":[{\"@type\":\"ListItem\",\"position\":1,\"name\":\"Home\",\"item\":\"https:\/\/forestcenter.hu\/\"},{\"@type\":\"ListItem\",\"position\":2,\"name\":\"H\u00edrek\"}]},{\"@type\":\"WebSite\",\"@id\":\"https:\/\/forestcenter.hu\/#website\",\"url\":\"https:\/\/forestcenter.hu\/\",\"name\":\"Forest Center Debrecen\",\"description\":\"[:hu]Az A kateg\u00f3ri\u00e1s Forest Center Debrecen irodah\u00e1z modern megjelen\u00e9s\u00e9vel \u00e9s m\u0171szaki tartalm\u00e1val Debrecen \u00faj \u00fczleti k\u00f6zpontj\u00e1nak meghat\u00e1roz\u00f3 szerepl\u0151je lesz.[:en]A category office building with Leed Gold Certification will have an extravagant image with state of the art technical specification.[:]\",\"publisher\":{\"@id\":\"https:\/\/forestcenter.hu\/#organization\"},\"potentialAction\":[{\"@type\":\"SearchAction\",\"target\":{\"@type\":\"EntryPoint\",\"urlTemplate\":\"https:\/\/forestcenter.hu\/?s={search_term_string}\"},\"query-input\":{\"@type\":\"PropertyValueSpecification\",\"valueRequired\":true,\"valueName\":\"search_term_string\"}}],\"inLanguage\":\"en-GB\"},{\"@type\":\"Organization\",\"@id\":\"https:\/\/forestcenter.hu\/#organization\",\"name\":\"Forest Center Debrecen\",\"alternateName\":\"Forest Center\",\"url\":\"https:\/\/forestcenter.hu\/\",\"logo\":{\"@type\":\"ImageObject\",\"inLanguage\":\"en-GB\",\"@id\":\"https:\/\/forestcenter.hu\/#\/schema\/logo\/image\/\",\"url\":\"https:\/\/forestcenter.hu\/wp-content\/uploads\/2018\/03\/forest-logo220X132.png\",\"contentUrl\":\"https:\/\/forestcenter.hu\/wp-content\/uploads\/2018\/03\/forest-logo220X132.png\",\"width\":220,\"height\":132,\"caption\":\"Forest Center Debrecen\"},\"image\":{\"@id\":\"https:\/\/forestcenter.hu\/#\/schema\/logo\/image\/\"},\"sameAs\":[\"https:\/\/www.facebook.com\/profile.php?id=61565596522416\",\"https:\/\/www.linkedin.com\/company\/ud-forest-center\/\"],\"description\":\"UD Forest Center Kft. 4028 Debrecen, T\u00fcz\u00e9r utca 4.\",\"email\":\"info@udforest.hu\",\"telephone\":\"+36 30 379 7512\",\"legalName\":\"UD Forest Center Kft.\",\"taxID\":\"32194977-2-09\",\"numberOfEmployees\":{\"@type\":\"QuantitativeValue\",\"minValue\":\"11\",\"maxValue\":\"50\"}}]}<\/script>\n<!-- \/ Yoast SEO Premium plugin. -->","yoast_head_json":{"title":"H\u00edrek - Forest Center Debrecen","robots":{"index":"index","follow":"follow","max-snippet":"max-snippet:-1","max-image-preview":"max-image-preview:large","max-video-preview":"max-video-preview:-1"},"canonical":"https:\/\/forestcenter.hu\/en\/hirek\/","og_locale":"en_GB","og_type":"article","og_title":"H\u00edrek","og_url":"https:\/\/forestcenter.hu\/en\/hirek\/","og_site_name":"Forest Center Debrecen","article_publisher":"https:\/\/www.facebook.com\/profile.php?id=61565596522416","article_modified_time":"2018-03-20T17:55:32+00:00","twitter_card":"summary_large_image","schema":{"@context":"https:\/\/schema.org","@graph":[{"@type":"WebPage","@id":"https:\/\/forestcenter.hu\/hirek\/","url":"https:\/\/forestcenter.hu\/hirek\/","name":"H\u00edrek - Forest Center Debrecen","isPartOf":{"@id":"https:\/\/forestcenter.hu\/#website"},"datePublished":"2018-03-20T17:48:36+00:00","dateModified":"2018-03-20T17:55:32+00:00","breadcrumb":{"@id":"https:\/\/forestcenter.hu\/hirek\/#breadcrumb"},"inLanguage":"en-GB","potentialAction":[{"@type":"ReadAction","target":["https:\/\/forestcenter.hu\/hirek\/"]}]},{"@type":"BreadcrumbList","@id":"https:\/\/forestcenter.hu\/hirek\/#breadcrumb","itemListElement":[{"@type":"ListItem","position":1,"name":"Home","item":"https:\/\/forestcenter.hu\/"},{"@type":"ListItem","position":2,"name":"H\u00edrek"}]},{"@type":"WebSite","@id":"https:\/\/forestcenter.hu\/#website","url":"https:\/\/forestcenter.hu\/","name":"Forest Center Debrecen","description":"[:hu]Az A kateg\u00f3ri\u00e1s Forest Center Debrecen irodah\u00e1z modern megjelen\u00e9s\u00e9vel \u00e9s m\u0171szaki tartalm\u00e1val Debrecen \u00faj \u00fczleti k\u00f6zpontj\u00e1nak meghat\u00e1roz\u00f3 szerepl\u0151je lesz.[:en]A category office building with Leed Gold Certification will have an extravagant image with state of the art technical specification.[:]","publisher":{"@id":"https:\/\/forestcenter.hu\/#organization"},"potentialAction":[{"@type":"SearchAction","target":{"@type":"EntryPoint","urlTemplate":"https:\/\/forestcenter.hu\/?s={search_term_string}"},"query-input":{"@type":"PropertyValueSpecification","valueRequired":true,"valueName":"search_term_string"}}],"inLanguage":"en-GB"},{"@type":"Organization","@id":"https:\/\/forestcenter.hu\/#organization","name":"Forest Center Debrecen","alternateName":"Forest Center","url":"https:\/\/forestcenter.hu\/","logo":{"@type":"ImageObject","inLanguage":"en-GB","@id":"https:\/\/forestcenter.hu\/#\/schema\/logo\/image\/","url":"https:\/\/forestcenter.hu\/wp-content\/uploads\/2018\/03\/forest-logo220X132.png","contentUrl":"https:\/\/forestcenter.hu\/wp-content\/uploads\/2018\/03\/forest-logo220X132.png","width":220,"height":132,"caption":"Forest Center Debrecen"},"image":{"@id":"https:\/\/forestcenter.hu\/#\/schema\/logo\/image\/"},"sameAs":["https:\/\/www.facebook.com\/profile.php?id=61565596522416","https:\/\/www.linkedin.com\/company\/ud-forest-center\/"],"description":"UD Forest Center Kft. 4028 Debrecen, T\u00fcz\u00e9r utca 4.","email":"info@udforest.hu","telephone":"+36 30 379 7512","legalName":"UD Forest Center Kft.","taxID":"32194977-2-09","numberOfEmployees":{"@type":"QuantitativeValue","minValue":"11","maxValue":"50"}}]}},"_links":{"self":[{"href":"https:\/\/forestcenter.hu\/en\/wp-json\/wp\/v2\/pages\/3531","targetHints":{"allow":["GET"]}}],"collection":[{"href":"https:\/\/forestcenter.hu\/en\/wp-json\/wp\/v2\/pages"}],"about":[{"href":"https:\/\/forestcenter.hu\/en\/wp-json\/wp\/v2\/types\/page"}],"author":[{"embeddable":true,"href":"https:\/\/forestcenter.hu\/en\/wp-json\/wp\/v2\/users\/1"}],"replies":[{"embeddable":true,"href":"https:\/\/forestcenter.hu\/en\/wp-json\/wp\/v2\/comments?post=3531"}],"version-history":[{"count":0,"href":"https:\/\/forestcenter.hu\/en\/wp-json\/wp\/v2\/pages\/3531\/revisions"}],"wp:attachment":[{"href":"https:\/\/forestcenter.hu\/en\/wp-json\/wp\/v2\/media?parent=3531"}],"curies":[{"name":"wp","href":"https:\/\/api.w.org\/{rel}","templated":true}]}}